{"id":6078,"date":"2022-07-11T17:14:13","date_gmt":"2022-07-11T15:14:13","guid":{"rendered":"https:\/\/botiga.auladesons.cat\/?page_id=6078"},"modified":"2022-07-11T17:14:14","modified_gmt":"2022-07-11T15:14:14","slug":"politica-de-cookies","status":"publish","type":"page","link":"https:\/\/botiga.auladesons.cat\/?page_id=6078","title":{"rendered":"Pol\u00edtica de cookies"},"content":{"rendered":"\n<p>L&#8217;entitat responsable de la recollida, processament i utilitzaci\u00f3 de les teves dades personals, en el sentit que estableix la Llei de Protecci\u00f3 de Dades Personals \u00e9s Auladesons SL (en endavant Auladesons) amb CIF: B-55676803, situada al Raval de Santa Anna, 2 5\u00e8, 43201 de Reus, amb el correu eletr\u00f2nic auladesons@auladesons.cat<\/p>\n\n\n\n<p>L&#8217;acc\u00e9s a aquest web pot implicar la utilitzaci\u00f3 de cookies. Les cookies s\u00f3n petites quantitats d&#8217;informaci\u00f3 que s&#8217;emmagatzemen en el navegador utilitzat per cada usuari -en els diferents dispositius que pugui utilitzar per navegar- perqu\u00e8 el servidor recordi certa informaci\u00f3 que posteriorment i \u00fanicament el servidor que la va implementar llegir\u00e0. Les cookies faciliten la navegaci\u00f3, la fan m\u00e9s amigable, i no malmeten el dispositiu de navegaci\u00f3.<\/p>\n\n\n\n<p>Les cookies s\u00f3n procediments autom\u00e0tics de recollida d&#8217;informaci\u00f3 relativa a les prefer\u00e8ncies determinades per l&#8217;Usuari durant la seva visita al lloc web per tal d&#8217;recon\u00e8ixer com a usuari, i personalitzar la seva experi\u00e8ncia i l&#8217;\u00fas del web, i poden tamb\u00e9, ajudar a identificar i resoldre errors.<\/p>\n\n\n\n<p>La informaci\u00f3 recollida a trav\u00e9s de les cookies pot incloure la data i hora de visites al lloc web, les p\u00e0gines visionades, el temps que ha estat en el web i els llocs visitats just abans i despr\u00e9s del mateix. No obstant, cap cookies permet que aquesta mateixa pugui contactar-se amb el n\u00famero de tel\u00e8fon de l&#8217;Usuari o amb qualsevol altre mitj\u00e0 de contacte personal. Cap cookie pot extreure informaci\u00f3 del disc dur de l&#8217;usuari o robar informaci\u00f3 personal. La \u00fanica manera que la informaci\u00f3 privada de l&#8217;Usuari formi part de l&#8217;arxiu cookie \u00e9s que l&#8217;usuari doni personalment aquesta informaci\u00f3 al servidor.<\/p>\n\n\n\n<p><strong>Cookies pr\u00f2pies<\/strong><\/p>\n\n\n\n<p>S\u00f3n aquelles que es troben al dispositiu de l&#8217;Usuari i s\u00f3n gestionades exclusivament per Auladesons per al millor funcionament del web. La informaci\u00f3 que es recull s&#8217;empra per a millorar la qualitat del lloc web i el seu contingut aix\u00ed com la seva experi\u00e8ncia com a Usuari. Aquestes cookies permeten recon\u00e8ixer a l&#8217;Usuari com a visitant recurrent del web i adaptar el contingut per oferir-continguts que s&#8217;ajustin a les seves prefer\u00e8ncies.<\/p>\n\n\n\n<p><strong>Cookies de tercers<\/strong><\/p>\n\n\n\n<p>S\u00f3n utilitzades i gestionades per entitats externes que proporcionen serveis sol\u00b7licitats per Auladesons amb l\u2019ojectiu de millorar el lloc web i l&#8217;experi\u00e8ncia de navegaci\u00f3 al web. Els principals objectius per als quals s&#8217;utilitzen s\u00f3n l&#8217;obtenci\u00f3 d&#8217;estad\u00edstiques d&#8217;accessos i l\u2019an\u00e0lisi de la informaci\u00f3 de la navegaci\u00f3, \u00e9s a dir, com interactua l&#8217;usuari amb el web.<\/p>\n\n\n\n<p><strong>Cookie _gid<\/strong><\/p>\n\n\n\n<p>Cookie anal\u00edtica, relacionada amb Google Analytics que s&#8217;utilitza per a distingir als usuaris. T\u00e9 una durada de 24 hores.<\/p>\n\n\n\n<p><strong>Cookie _ga<\/strong><\/p>\n\n\n\n<p>Cookie anal\u00edtica, relacionada amb Google Analytics. Emmagatzema un identificador de client \u00fanic i serveix per al control de les visites \u00faniques, dades d&#8217;usuaris, campanyes. T\u00e9 una caducitat de 2 anys.<\/p>\n\n\n\n<p><strong>Cookie _gat<\/strong><\/p>\n\n\n\n<p>S&#8217;utilitza per a diferenciar entre els diferents objectes de seguiment creats a la sessi\u00f3. Es crea en carregar la llibreria javascript i no hi ha una versi\u00f3 pr\u00e8via. S&#8217;actualitza cada vegada que s&#8217;envien les dades a Google Analytics.<\/p>\n\n\n\n<p><strong>Cookie _utma<\/strong><\/p>\n\n\n\n<p>Recopila informaci\u00f3 an\u00f2nima sobre la navegaci\u00f3 dels usuaris pel lloc web per tal de con\u00e8ixer l&#8217;origen de les visites i altres dades estad\u00edstiques similars. relacionada amb Google Analytics. T\u00e9 una caducitat de 2 anys. https:\/\/www.google.com\/analytics\/learn\/privacy.htm<\/p>\n\n\n\n<p>Les entitats encarregades del subministrament de cookies podran cedir aquesta informaci\u00f3 a tercers, sempre que ho exigeixi la llei o sigui un tercer el que processi aquesta informaci\u00f3 per a aquestes entitats.<\/p>\n\n\n\n<p><strong>Deshabilitar, rebutjar i eliminar Cookies<\/strong><\/p>\n\n\n\n<p>L&#8217;usuari pot desactivar, rebutjar i eliminar les cookies instal\u00b7lades en el seu dispositiu de manera total o parcial mitjan\u00e7ant la configuraci\u00f3 del seu navegador (entre els quals es troben, per exemple, Chrome, Firefox, Safari o Internet Explorer). En aquest sentit, els procediments per rebutjar i eliminar les galetes poden diferir d&#8217;un navegador a un altre. En conseq\u00fc\u00e8ncia, l&#8217;Usuari ha d\u2019acudir a les instruccions facilitades pel propi navegador utilitzat. En el cas que rebutgi l&#8217;\u00fas de cookies podr\u00e0 seguir utilitzant el web, si b\u00e9 podr\u00e0 tenir limitada la utilitzaci\u00f3 d&#8217;algunes de les prestacions.<\/p>\n\n\n\n<p><strong>Canvis en la Pol\u00edtica de Cookies<\/strong><\/p>\n\n\n\n<p>\u00c9s possible que la Pol\u00edtica de Cookies del web canvi\u00ef o s&#8217;actualitzi, per aix\u00f2 \u00e9s recomanable revisar aquesta pol\u00edtica cada vegada que accedeixi al Lloc Web amb l&#8217;objectiu d&#8217;estar adequadament informat sobre com i per qu\u00e8 fem servir les galetes.<\/p>\n","protected":false},"excerpt":{"rendered":"<p>L&#8217;entitat responsable de la recollida, processament i utilitzaci\u00f3 de les teves dades personals, en el sentit que estableix la Llei de Protecci\u00f3 de Dades Personals \u00e9s Auladesons SL (en endavant Auladesons) amb CIF: B-55676803, situada al Raval de Santa Anna, 2 5\u00e8, 43201 de Reus, amb el correu eletr\u00f2nic auladesons@auladesons.cat L&#8217;acc\u00e9s a aquest web pot [&hellip;]<\/p>\n","protected":false},"author":1,"featured_media":0,"parent":0,"menu_order":0,"comment_status":"closed","ping_status":"closed","template":"","meta":{"footnotes":""},"class_list":["post-6078","page","type-page","status-publish","hentry"],"_links":{"self":[{"href":"https:\/\/botiga.auladesons.cat\/index.php?rest_route=\/wp\/v2\/pages\/6078","targetHints":{"allow":["GET"]}}],"collection":[{"href":"https:\/\/botiga.auladesons.cat\/index.php?rest_route=\/wp\/v2\/pages"}],"about":[{"href":"https:\/\/botiga.auladesons.cat\/index.php?rest_route=\/wp\/v2\/types\/page"}],"author":[{"embeddable":true,"href":"https:\/\/botiga.auladesons.cat\/index.php?rest_route=\/wp\/v2\/users\/1"}],"replies":[{"embeddable":true,"href":"https:\/\/botiga.auladesons.cat\/index.php?rest_route=%2Fwp%2Fv2%2Fcomments&post=6078"}],"version-history":[{"count":1,"href":"https:\/\/botiga.auladesons.cat\/index.php?rest_route=\/wp\/v2\/pages\/6078\/revisions"}],"predecessor-version":[{"id":6079,"href":"https:\/\/botiga.auladesons.cat\/index.php?rest_route=\/wp\/v2\/pages\/6078\/revisions\/6079"}],"wp:attachment":[{"href":"https:\/\/botiga.auladesons.cat\/index.php?rest_route=%2Fwp%2Fv2%2Fmedia&parent=6078"}],"curies":[{"name":"wp","href":"https:\/\/api.w.org\/{rel}","templated":true}]}}