{"id":6098,"date":"2022-07-11T23:09:46","date_gmt":"2022-07-11T21:09:46","guid":{"rendered":"https:\/\/botiga.auladesons.cat\/?page_id=6098"},"modified":"2022-07-11T23:09:47","modified_gmt":"2022-07-11T21:09:47","slug":"pagament-segur","status":"publish","type":"page","link":"https:\/\/botiga.auladesons.cat\/?page_id=6098","title":{"rendered":"Pagament segur"},"content":{"rendered":"\n<p>El m\u00e8tode de pagament \u00e9s amb targeta de cr\u00e8dit a trav\u00e9s de&nbsp;<strong>TPV Virtual<\/strong>.<\/p>\n\n\n\n<p>El comprador haur\u00e0 de facilitar les dades del titular de la targeta, el n\u00famero de targeta, la data de caducitat, i el codi de validaci\u00f3 (que s\u00f3n els 3 \u00faltims d\u00edgits de la relaci\u00f3 num\u00e8rica que apareix al revers de la targeta). Aquestes dades s\u00f3n gestionades directament per la seva entitat banc\u00e0ria, que ser\u00e0 l\u2019encarregada de realitzar de forma segura el cobrament de la seva compra.<\/p>\n","protected":false},"excerpt":{"rendered":"<p>El m\u00e8tode de pagament \u00e9s amb targeta de cr\u00e8dit a trav\u00e9s de&nbsp;TPV Virtual. El comprador haur\u00e0 de facilitar les dades del titular de la targeta, el n\u00famero de targeta, la data de caducitat, i el codi de validaci\u00f3 (que s\u00f3n els 3 \u00faltims d\u00edgits de la relaci\u00f3 num\u00e8rica que apareix al revers de la targeta). [&hellip;]<\/p>\n","protected":false},"author":1,"featured_media":0,"parent":0,"menu_order":0,"comment_status":"closed","ping_status":"closed","template":"","meta":{"footnotes":""},"class_list":["post-6098","page","type-page","status-publish","hentry"],"_links":{"self":[{"href":"https:\/\/botiga.auladesons.cat\/index.php?rest_route=\/wp\/v2\/pages\/6098","targetHints":{"allow":["GET"]}}],"collection":[{"href":"https:\/\/botiga.auladesons.cat\/index.php?rest_route=\/wp\/v2\/pages"}],"about":[{"href":"https:\/\/botiga.auladesons.cat\/index.php?rest_route=\/wp\/v2\/types\/page"}],"author":[{"embeddable":true,"href":"https:\/\/botiga.auladesons.cat\/index.php?rest_route=\/wp\/v2\/users\/1"}],"replies":[{"embeddable":true,"href":"https:\/\/botiga.auladesons.cat\/index.php?rest_route=%2Fwp%2Fv2%2Fcomments&post=6098"}],"version-history":[{"count":1,"href":"https:\/\/botiga.auladesons.cat\/index.php?rest_route=\/wp\/v2\/pages\/6098\/revisions"}],"predecessor-version":[{"id":6099,"href":"https:\/\/botiga.auladesons.cat\/index.php?rest_route=\/wp\/v2\/pages\/6098\/revisions\/6099"}],"wp:attachment":[{"href":"https:\/\/botiga.auladesons.cat\/index.php?rest_route=%2Fwp%2Fv2%2Fmedia&parent=6098"}],"curies":[{"name":"wp","href":"https:\/\/api.w.org\/{rel}","templated":true}]}}