{"id":6114,"date":"2022-07-15T12:17:59","date_gmt":"2022-07-15T10:17:59","guid":{"rendered":"https:\/\/botiga.auladesons.cat\/?post_type=product&#038;p=6114"},"modified":"2022-07-17T15:32:20","modified_gmt":"2022-07-17T13:32:20","slug":"cd-musiques-del-seguici-festiu-de-reus","status":"publish","type":"product","link":"https:\/\/botiga.auladesons.cat\/?product=cd-musiques-del-seguici-festiu-de-reus","title":{"rendered":"CD M\u00fasiques del Seguici Festiu de Reus"},"content":{"rendered":"<p>El CD de les M\u00fasiques del Seguici Festiu de Reus est\u00e0\u00a0impulsat per l\u2019Aula de Sons i Reus Cultura en col\u00b7laboraci\u00f3 amb la Diputaci\u00f3 de Tarragona i la Generalitat de Catalunya.<\/p>\n","protected":false},"excerpt":{"rendered":"<p>\u00c0lbum\u00a0<em>\u00a0<\/em>que recull les 35 peces que acompanyen els elements festius de la ciutat tal com sonen al carrer. El CD de les M\u00fasiques del Seguici Festiu de Reus est\u00e0\u00a0impulsat per l\u2019Aula de Sons i Reus Cultura en col\u00b7laboraci\u00f3 amb la Diputaci\u00f3 de Tarragona i la Generalitat de Catalunya.<\/p>\n","protected":false},"featured_media":6115,"comment_status":"closed","ping_status":"closed","template":"","meta":[],"product_cat":[86],"product_tag":[88,90,89],"class_list":{"0":"post-6114","1":"product","2":"type-product","3":"status-publish","4":"has-post-thumbnail","6":"product_cat-cd","7":"product_tag-cd","8":"product_tag-festiu-de-reus","9":"product_tag-reus","11":"first","12":"instock","13":"taxable","14":"shipping-taxable","15":"purchasable","16":"product-type-simple"},"_links":{"self":[{"href":"https:\/\/botiga.auladesons.cat\/index.php?rest_route=\/wp\/v2\/product\/6114","targetHints":{"allow":["GET"]}}],"collection":[{"href":"https:\/\/botiga.auladesons.cat\/index.php?rest_route=\/wp\/v2\/product"}],"about":[{"href":"https:\/\/botiga.auladesons.cat\/index.php?rest_route=\/wp\/v2\/types\/product"}],"replies":[{"embeddable":true,"href":"https:\/\/botiga.auladesons.cat\/index.php?rest_route=%2Fwp%2Fv2%2Fcomments&post=6114"}],"wp:featuredmedia":[{"embeddable":true,"href":"https:\/\/botiga.auladesons.cat\/index.php?rest_route=\/wp\/v2\/media\/6115"}],"wp:attachment":[{"href":"https:\/\/botiga.auladesons.cat\/index.php?rest_route=%2Fwp%2Fv2%2Fmedia&parent=6114"}],"wp:term":[{"taxonomy":"product_cat","embeddable":true,"href":"https:\/\/botiga.auladesons.cat\/index.php?rest_route=%2Fwp%2Fv2%2Fproduct_cat&post=6114"},{"taxonomy":"product_tag","embeddable":true,"href":"https:\/\/botiga.auladesons.cat\/index.php?rest_route=%2Fwp%2Fv2%2Fproduct_tag&post=6114"}],"curies":[{"name":"wp","href":"https:\/\/api.w.org\/{rel}","templated":true}]}}