{"id":6118,"date":"2022-07-15T11:57:11","date_gmt":"2022-07-15T09:57:11","guid":{"rendered":"https:\/\/botiga.auladesons.cat\/?post_type=product&#038;p=6118"},"modified":"2022-07-15T12:01:52","modified_gmt":"2022-07-15T10:01:52","slug":"llibre-de-les-musiques-de-la-festa-major-de-reus-2-volums","status":"publish","type":"product","link":"https:\/\/botiga.auladesons.cat\/?product=llibre-de-les-musiques-de-la-festa-major-de-reus-2-volums","title":{"rendered":"Llibre de les M\u00fasiques de la Festa Major de Reus (2 volums)"},"content":{"rendered":"","protected":false},"excerpt":{"rendered":"<p>El Llibre de les M\u00fasiques de la Festa Major de Reus revisa i actualitza les partitures de les m\u00fasiques de la Festa Major de Reus per posar-les a disposici\u00f3 de qualsevol m\u00fasic.<\/p>\n<p>El llibre suposa una novetat ja que<strong>\u00a0transcriu per primer cop en paper i de forma oberta les m\u00fasiques del seguici<\/strong>\u00a0tal com sonen al carrer i en les seves diferents versions, i\u00a0est\u00e0\u00a0impulsat per l\u2019Aula de Sons i Reus Cultura en col\u00b7laboraci\u00f3 amb la Diputaci\u00f3 de Tarragona i la Generalitat de Catalunya.<\/p>\n","protected":false},"featured_media":6119,"comment_status":"open","ping_status":"closed","template":"","meta":[],"product_cat":[87],"product_tag":[91,92,89],"class_list":{"0":"post-6118","1":"product","2":"type-product","3":"status-publish","4":"has-post-thumbnail","6":"product_cat-llibre","7":"product_tag-festa-major","8":"product_tag-llibre","9":"product_tag-reus","11":"first","12":"instock","13":"taxable","14":"shipping-taxable","15":"purchasable","16":"product-type-simple"},"_links":{"self":[{"href":"https:\/\/botiga.auladesons.cat\/index.php?rest_route=\/wp\/v2\/product\/6118","targetHints":{"allow":["GET"]}}],"collection":[{"href":"https:\/\/botiga.auladesons.cat\/index.php?rest_route=\/wp\/v2\/product"}],"about":[{"href":"https:\/\/botiga.auladesons.cat\/index.php?rest_route=\/wp\/v2\/types\/product"}],"replies":[{"embeddable":true,"href":"https:\/\/botiga.auladesons.cat\/index.php?rest_route=%2Fwp%2Fv2%2Fcomments&post=6118"}],"wp:featuredmedia":[{"embeddable":true,"href":"https:\/\/botiga.auladesons.cat\/index.php?rest_route=\/wp\/v2\/media\/6119"}],"wp:attachment":[{"href":"https:\/\/botiga.auladesons.cat\/index.php?rest_route=%2Fwp%2Fv2%2Fmedia&parent=6118"}],"wp:term":[{"taxonomy":"product_cat","embeddable":true,"href":"https:\/\/botiga.auladesons.cat\/index.php?rest_route=%2Fwp%2Fv2%2Fproduct_cat&post=6118"},{"taxonomy":"product_tag","embeddable":true,"href":"https:\/\/botiga.auladesons.cat\/index.php?rest_route=%2Fwp%2Fv2%2Fproduct_tag&post=6118"}],"curies":[{"name":"wp","href":"https:\/\/api.w.org\/{rel}","templated":true}]}}